{"id":14538,"date":"2026-01-15T21:58:04","date_gmt":"2026-01-15T20:58:04","guid":{"rendered":"https:\/\/zolta.me\/?page_id=14538"},"modified":"2026-01-15T21:58:04","modified_gmt":"2026-01-15T20:58:04","slug":"keramik-glasur-workshop","status":"publish","type":"page","link":"https:\/\/zolta.me\/at\/keramik-glasur-workshop\/","title":{"rendered":"Grundlagen des Glasierens"},"content":{"rendered":"\t\t<div data-elementor-type=\"wp-page\" data-elementor-id=\"14538\" class=\"elementor elementor-14538 elementor-14537\">\n\t\t\t\t<div class=\"elementor-element elementor-element-759ca74 e-flex e-con-boxed e-con e-parent\" data-id=\"759ca74\" data-element_type=\"container\" data-e-type=\"container\">\n\t\t\t\t\t<div class=\"e-con-inner\">\n\t\t\t\t<div class=\"elementor-element elementor-element-672b42f elementor-widget elementor-widget-heading\" data-id=\"672b42f\" data-element_type=\"widget\" data-e-type=\"widget\" data-widget_type=\"heading.default\">\n\t\t\t\t<div class=\"elementor-widget-container\">\n\t\t\t\t\t<h1 class=\"elementor-heading-title elementor-size-default\">Keramik Glasur Workshop<\/h1>\t\t\t\t<\/div>\n\t\t\t\t<\/div>\n\t\t<div class=\"elementor-element elementor-element-f948d22 e-grid e-con-full e-con e-child\" data-id=\"f948d22\" data-element_type=\"container\" data-e-type=\"container\">\n\t\t\t\t<div class=\"elementor-element elementor-element-07dc38b elementor-widget elementor-widget-qi_addons_for_elementor_interactive_banner\" data-id=\"07dc38b\" data-element_type=\"widget\" data-e-type=\"widget\" data-widget_type=\"qi_addons_for_elementor_interactive_banner.default\">\n\t\t\t\t<div class=\"elementor-widget-container\">\n\t\t\t\t\t<div class=\"qodef-shortcode qodef-m qodef-qi-interactive-banner qodef-layout--from-bottom qodef--overlay\">\n\t<div class=\"qodef-m-image\">\n\t<img fetchpriority=\"high\" decoding=\"async\" width=\"580\" height=\"596\" src=\"https:\/\/zolta.me\/wp-content\/uploads\/2023\/07\/4.jpg\" class=\"attachment-qi_addons_for_elementor_image_size_square size-qi_addons_for_elementor_image_size_square\" alt=\"women glaze big ceramic plate using dipping glaze at zolta ceramic studio, Ceramic Glazing Workshop, Keramik Glasur Workshop\" srcset=\"https:\/\/zolta.me\/wp-content\/uploads\/2023\/07\/4.jpg 580w, https:\/\/zolta.me\/wp-content\/uploads\/2023\/07\/4-292x300.jpg 292w\" sizes=\"(max-width: 580px) 100vw, 580px\" \/><\/div>\n\t<div class=\"qodef-m-content\">\n\t\t\t\t<div class=\"qodef-m-content-inner\">\n\t\t\t<div class=\"qodef-m-movement\">\n\t\t\t\t\t\t\t\t\t<h3 class=\"qodef-m-title\">\n\t\tDer kr\u00f6nende Abschluss. Meistere die Kunst von Farbe und Oberfl\u00e4che.\t<\/h3>\n\t\t\t\t<div class=\"qodef-m-text-holder\">\n\t\t\t\t\t\t\t\t\t\t\t\t\t\t<\/div>\n\t\t\t\t\t\t\t<\/div>\n\t\t<\/div>\n\t<\/div>\n<\/div>\n\t\t\t\t<\/div>\n\t\t\t\t<\/div>\n\t\t\t\t<div class=\"elementor-element elementor-element-6616e1f elementor-widget__width-inherit elementor-widget elementor-widget-ameliaeventslistbooking\" data-id=\"6616e1f\" data-element_type=\"widget\" data-e-type=\"widget\" data-widget_type=\"ameliaeventslistbooking.default\">\n\t\t\t\t<div class=\"elementor-widget-container\">\n\t\t\t\t\t<script>\n  if (typeof hasAmeliaEvent === 'undefined') {\n    var hasAmeliaEvent = true;\n  }\n  if (typeof hasEventApiCall === 'undefined' && ('' === '' && '' !== '1')) {\n    var hasEventApiCall = true;\n  }\n  var hasEventShortcode = (typeof hasEventShortcode === 'undefined') ? false : true;\n  var ameliaShortcodeData = (typeof ameliaShortcodeData === 'undefined') ? [] : ameliaShortcodeData;\n  ameliaShortcodeData.push(\n    {\n      'hasApiCall': (typeof hasEventApiCall !== 'undefined') && hasEventApiCall,\n      'trigger': '',\n      'trigger_type': '',\n      'triggered_form': 'elf',\n      'in_dialog': '',\n      'counter': '1000',\n      'employee': '',\n      'eventId': '',\n      'eventRecurring': 0,\n      'eventTag': \"{Glazing}\",\n      'locationId': \"\"\n    }\n  );\n  var ameliaShortcodeDataTriggered = (typeof ameliaShortcodeDataTriggered === 'undefined') ? [] : ameliaShortcodeDataTriggered;\n  if (ameliaShortcodeData[ameliaShortcodeData.length - 1].trigger !== '') {\n    if (ameliaShortcodeDataTriggered.filter(a => a.counter === ameliaShortcodeData[ameliaShortcodeData.length - 1].counter).length === 0) {\n      ameliaShortcodeDataTriggered.push(ameliaShortcodeData.pop());\n    } else {\n      ameliaShortcodeData.pop()\n    }\n  }\n  if (typeof hasEventApiCall !== 'undefined' && hasEventApiCall) {\n    hasEventApiCall = false;\n  }\n<\/script>\n\n<div\n  id=\"amelia-v2-booking-1000\"\n  class=\"amelia-v2-booking\"\n>\n    <events-list-form-wrapper><\/div>\n\t\t\t\t<\/div>\n\t\t\t\t<\/div>\n\t\t\t\t<\/div>\n\t\t\t\t\t<\/div>\n\t\t\t\t<\/div>\n\t\t<div class=\"elementor-element elementor-element-c779575 e-flex e-con-boxed e-con e-parent\" data-id=\"c779575\" data-element_type=\"container\" data-e-type=\"container\">\n\t\t\t\t\t<div class=\"e-con-inner\">\n\t\t\t\t<div class=\"elementor-element elementor-element-659b003 elementor-widget elementor-widget-spacer\" data-id=\"659b003\" data-element_type=\"widget\" data-e-type=\"widget\" data-widget_type=\"spacer.default\">\n\t\t\t\t<div class=\"elementor-widget-container\">\n\t\t\t\t\t\t\t<div class=\"elementor-spacer\">\n\t\t\t<div class=\"elementor-spacer-inner\"><\/div>\n\t\t<\/div>\n\t\t\t\t\t\t<\/div>\n\t\t\t\t<\/div>\n\t\t\t\t<div class=\"elementor-element elementor-element-b04fb12 elementor-widget__width-initial elementor-widget elementor-widget-heading\" data-id=\"b04fb12\" data-element_type=\"widget\" data-e-type=\"widget\" data-widget_type=\"heading.default\">\n\t\t\t\t<div class=\"elementor-widget-container\">\n\t\t\t\t\t<h2 class=\"elementor-heading-title elementor-size-default\">Kursdetails<\/h2>\t\t\t\t<\/div>\n\t\t\t\t<\/div>\n\t\t\t\t\t<\/div>\n\t\t\t\t<\/div>\n\t\t<div class=\"elementor-element elementor-element-f5b8d9c e-con-full e-flex elementor-invisible e-con e-parent\" data-id=\"f5b8d9c\" data-element_type=\"container\" data-e-type=\"container\" data-settings=\"{&quot;animation&quot;:&quot;fadeInUp&quot;}\">\n\t\t\t\t<div class=\"elementor-element elementor-element-fa11993 elementor-widget__width-initial elementor-view-default elementor-position-block-start elementor-mobile-position-block-start elementor-widget elementor-widget-icon-box\" data-id=\"fa11993\" data-element_type=\"widget\" data-e-type=\"widget\" data-widget_type=\"icon-box.default\">\n\t\t\t\t<div class=\"elementor-widget-container\">\n\t\t\t\t\t\t\t<div class=\"elementor-icon-box-wrapper\">\n\n\t\t\t\t\t\t<div class=\"elementor-icon-box-icon\">\n\t\t\t\t<span  class=\"elementor-icon\">\n\t\t\t\t<svg aria-hidden=\"true\" class=\"e-font-icon-svg e-far-clock\" viewBox=\"0 0 512 512\" xmlns=\"http:\/\/www.w3.org\/2000\/svg\"><path d=\"M256 8C119 8 8 119 8 256s111 248 248 248 248-111 248-248S393 8 256 8zm0 448c-110.5 0-200-89.5-200-200S145.5 56 256 56s200 89.5 200 200-89.5 200-200 200zm61.8-104.4l-84.9-61.7c-3.1-2.3-4.9-5.9-4.9-9.7V116c0-6.6 5.4-12 12-12h32c6.6 0 12 5.4 12 12v141.7l66.8 48.6c5.4 3.9 6.5 11.4 2.6 16.8L334.6 349c-3.9 5.3-11.4 6.5-16.8 2.6z\"><\/path><\/svg>\t\t\t\t<\/span>\n\t\t\t<\/div>\n\t\t\t\n\t\t\t\t\t\t<div class=\"elementor-icon-box-content\">\n\n\t\t\t\t\t\t\t\t\t<h3 class=\"elementor-icon-box-title\">\n\t\t\t\t\t\t<span  >\n\t\t\t\t\t\t\t2 Std.\t\t\t\t\t\t<\/span>\n\t\t\t\t\t<\/h3>\n\t\t\t\t\n\t\t\t\t\n\t\t\t<\/div>\n\t\t\t\n\t\t<\/div>\n\t\t\t\t\t\t<\/div>\n\t\t\t\t<\/div>\n\t\t\t\t<div class=\"elementor-element elementor-element-433a4fe elementor-widget__width-initial elementor-view-default elementor-position-block-start elementor-mobile-position-block-start elementor-widget elementor-widget-icon-box\" data-id=\"433a4fe\" data-element_type=\"widget\" data-e-type=\"widget\" data-widget_type=\"icon-box.default\">\n\t\t\t\t<div class=\"elementor-widget-container\">\n\t\t\t\t\t\t\t<div class=\"elementor-icon-box-wrapper\">\n\n\t\t\t\t\t\t<div class=\"elementor-icon-box-icon\">\n\t\t\t\t<span  class=\"elementor-icon\">\n\t\t\t\t<svg aria-hidden=\"true\" class=\"e-font-icon-svg e-far-calendar-check\" viewBox=\"0 0 448 512\" xmlns=\"http:\/\/www.w3.org\/2000\/svg\"><path d=\"M400 64h-48V12c0-6.627-5.373-12-12-12h-40c-6.627 0-12 5.373-12 12v52H160V12c0-6.627-5.373-12-12-12h-40c-6.627 0-12 5.373-12 12v52H48C21.49 64 0 85.49 0 112v352c0 26.51 21.49 48 48 48h352c26.51 0 48-21.49 48-48V112c0-26.51-21.49-48-48-48zm-6 400H54a6 6 0 0 1-6-6V160h352v298a6 6 0 0 1-6 6zm-52.849-200.65L198.842 404.519c-4.705 4.667-12.303 4.637-16.971-.068l-75.091-75.699c-4.667-4.705-4.637-12.303.068-16.971l22.719-22.536c4.705-4.667 12.303-4.637 16.97.069l44.104 44.461 111.072-110.181c4.705-4.667 12.303-4.637 16.971.068l22.536 22.718c4.667 4.705 4.636 12.303-.069 16.97z\"><\/path><\/svg>\t\t\t\t<\/span>\n\t\t\t<\/div>\n\t\t\t\n\t\t\t\t\t\t<div class=\"elementor-icon-box-content\">\n\n\t\t\t\t\t\t\t\t\t<h3 class=\"elementor-icon-box-title\">\n\t\t\t\t\t\t<span  >\n\t\t\t\t\t\t\t1 Termin\t\t\t\t\t\t<\/span>\n\t\t\t\t\t<\/h3>\n\t\t\t\t\n\t\t\t\t\n\t\t\t<\/div>\n\t\t\t\n\t\t<\/div>\n\t\t\t\t\t\t<\/div>\n\t\t\t\t<\/div>\n\t\t\t\t<div class=\"elementor-element elementor-element-b9d163a elementor-widget__width-initial elementor-view-default elementor-position-block-start elementor-mobile-position-block-start elementor-widget elementor-widget-icon-box\" data-id=\"b9d163a\" data-element_type=\"widget\" data-e-type=\"widget\" data-widget_type=\"icon-box.default\">\n\t\t\t\t<div class=\"elementor-widget-container\">\n\t\t\t\t\t\t\t<div class=\"elementor-icon-box-wrapper\">\n\n\t\t\t\t\t\t<div class=\"elementor-icon-box-icon\">\n\t\t\t\t<span  class=\"elementor-icon\">\n\t\t\t\t<svg aria-hidden=\"true\" class=\"e-font-icon-svg e-fas-seedling\" viewBox=\"0 0 512 512\" xmlns=\"http:\/\/www.w3.org\/2000\/svg\"><path d=\"M64 96H0c0 123.7 100.3 224 224 224v144c0 8.8 7.2 16 16 16h32c8.8 0 16-7.2 16-16V320C288 196.3 187.7 96 64 96zm384-64c-84.2 0-157.4 46.5-195.7 115.2 27.7 30.2 48.2 66.9 59 107.6C424 243.1 512 147.9 512 32h-64z\"><\/path><\/svg>\t\t\t\t<\/span>\n\t\t\t<\/div>\n\t\t\t\n\t\t\t\t\t\t<div class=\"elementor-icon-box-content\">\n\n\t\t\t\t\t\t\t\t\t<h3 class=\"elementor-icon-box-title\">\n\t\t\t\t\t\t<span  >\n\t\t\t\t\t\t\tAnf\u00e4nger\t\t\t\t\t\t<\/span>\n\t\t\t\t\t<\/h3>\n\t\t\t\t\n\t\t\t\t\n\t\t\t<\/div>\n\t\t\t\n\t\t<\/div>\n\t\t\t\t\t\t<\/div>\n\t\t\t\t<\/div>\n\t\t\t\t<div class=\"elementor-element elementor-element-a8637e2 elementor-widget__width-initial elementor-view-default elementor-position-block-start elementor-mobile-position-block-start elementor-widget elementor-widget-icon-box\" data-id=\"a8637e2\" data-element_type=\"widget\" data-e-type=\"widget\" data-widget_type=\"icon-box.default\">\n\t\t\t\t<div class=\"elementor-widget-container\">\n\t\t\t\t\t\t\t<div class=\"elementor-icon-box-wrapper\">\n\n\t\t\t\t\t\t<div class=\"elementor-icon-box-icon\">\n\t\t\t\t<span  class=\"elementor-icon\">\n\t\t\t\t<svg aria-hidden=\"true\" class=\"e-font-icon-svg e-far-comment-dots\" viewBox=\"0 0 512 512\" xmlns=\"http:\/\/www.w3.org\/2000\/svg\"><path d=\"M144 208c-17.7 0-32 14.3-32 32s14.3 32 32 32 32-14.3 32-32-14.3-32-32-32zm112 0c-17.7 0-32 14.3-32 32s14.3 32 32 32 32-14.3 32-32-14.3-32-32-32zm112 0c-17.7 0-32 14.3-32 32s14.3 32 32 32 32-14.3 32-32-14.3-32-32-32zM256 32C114.6 32 0 125.1 0 240c0 47.6 19.9 91.2 52.9 126.3C38 405.7 7 439.1 6.5 439.5c-6.6 7-8.4 17.2-4.6 26S14.4 480 24 480c61.5 0 110-25.7 139.1-46.3C192 442.8 223.2 448 256 448c141.4 0 256-93.1 256-208S397.4 32 256 32zm0 368c-26.7 0-53.1-4.1-78.4-12.1l-22.7-7.2-19.5 13.8c-14.3 10.1-33.9 21.4-57.5 29 7.3-12.1 14.4-25.7 19.9-40.2l10.6-28.1-20.6-21.8C69.7 314.1 48 282.2 48 240c0-88.2 93.3-160 208-160s208 71.8 208 160-93.3 160-208 160z\"><\/path><\/svg>\t\t\t\t<\/span>\n\t\t\t<\/div>\n\t\t\t\n\t\t\t\t\t\t<div class=\"elementor-icon-box-content\">\n\n\t\t\t\t\t\t\t\t\t<h3 class=\"elementor-icon-box-title\">\n\t\t\t\t\t\t<span  >\n\t\t\t\t\t\t\tEnglisch\t\t\t\t\t\t<\/span>\n\t\t\t\t\t<\/h3>\n\t\t\t\t\n\t\t\t\t\t\t\t\t\t<p class=\"elementor-icon-box-description\">\n\t\t\t\t\t\t(Deutsch geplant)\t\t\t\t\t<\/p>\n\t\t\t\t\n\t\t\t<\/div>\n\t\t\t\n\t\t<\/div>\n\t\t\t\t\t\t<\/div>\n\t\t\t\t<\/div>\n\t\t\t\t<div class=\"elementor-element elementor-element-9522cbe elementor-widget__width-initial elementor-view-default elementor-position-block-start elementor-mobile-position-block-start elementor-widget elementor-widget-icon-box\" data-id=\"9522cbe\" data-element_type=\"widget\" data-e-type=\"widget\" data-widget_type=\"icon-box.default\">\n\t\t\t\t<div class=\"elementor-widget-container\">\n\t\t\t\t\t\t\t<div class=\"elementor-icon-box-wrapper\">\n\n\t\t\t\t\t\t<div class=\"elementor-icon-box-icon\">\n\t\t\t\t<span  class=\"elementor-icon\">\n\t\t\t\t<svg aria-hidden=\"true\" class=\"e-font-icon-svg e-fas-euro-sign\" viewBox=\"0 0 320 512\" xmlns=\"http:\/\/www.w3.org\/2000\/svg\"><path d=\"M310.706 413.765c-1.314-6.63-7.835-10.872-14.424-9.369-10.692 2.439-27.422 5.413-45.426 5.413-56.763 0-101.929-34.79-121.461-85.449h113.689a12 12 0 0 0 11.708-9.369l6.373-28.36c1.686-7.502-4.019-14.631-11.708-14.631H115.22c-1.21-14.328-1.414-28.287.137-42.245H261.95a12 12 0 0 0 11.723-9.434l6.512-29.755c1.638-7.484-4.061-14.566-11.723-14.566H130.184c20.633-44.991 62.69-75.03 117.619-75.03 14.486 0 28.564 2.25 37.851 4.145 6.216 1.268 12.347-2.498 14.002-8.623l11.991-44.368c1.822-6.741-2.465-13.616-9.326-14.917C290.217 34.912 270.71 32 249.635 32 152.451 32 74.03 92.252 45.075 176H12c-6.627 0-12 5.373-12 12v29.755c0 6.627 5.373 12 12 12h21.569c-1.009 13.607-1.181 29.287-.181 42.245H12c-6.627 0-12 5.373-12 12v28.36c0 6.627 5.373 12 12 12h30.114C67.139 414.692 145.264 480 249.635 480c26.301 0 48.562-4.544 61.101-7.788 6.167-1.595 10.027-7.708 8.788-13.957l-8.818-44.49z\"><\/path><\/svg>\t\t\t\t<\/span>\n\t\t\t<\/div>\n\t\t\t\n\t\t\t\t\t\t<div class=\"elementor-icon-box-content\">\n\n\t\t\t\t\t\t\t\t\t<h3 class=\"elementor-icon-box-title\">\n\t\t\t\t\t\t<span  >\n\t\t\t\t\t\t\tBrand extra\t\t\t\t\t\t<\/span>\n\t\t\t\t\t<\/h3>\n\t\t\t\t\n\t\t\t\t\n\t\t\t<\/div>\n\t\t\t\n\t\t<\/div>\n\t\t\t\t\t\t<\/div>\n\t\t\t\t<\/div>\n\t\t\t\t<\/div>\n\t\t<div class=\"elementor-element elementor-element-683b92d e-flex e-con-boxed e-con e-parent\" data-id=\"683b92d\" data-element_type=\"container\" data-e-type=\"container\">\n\t\t\t\t\t<div class=\"e-con-inner\">\n\t\t\t\t<div class=\"elementor-element elementor-element-030c07a elementor-widget elementor-widget-spacer\" data-id=\"030c07a\" data-element_type=\"widget\" data-e-type=\"widget\" data-widget_type=\"spacer.default\">\n\t\t\t\t<div class=\"elementor-widget-container\">\n\t\t\t\t\t\t\t<div class=\"elementor-spacer\">\n\t\t\t<div class=\"elementor-spacer-inner\"><\/div>\n\t\t<\/div>\n\t\t\t\t\t\t<\/div>\n\t\t\t\t<\/div>\n\t\t\t\t\t<\/div>\n\t\t\t\t<\/div>\n\t\t<div class=\"elementor-element elementor-element-45ab024 e-grid e-con-full elementor-invisible e-con e-child\" data-id=\"45ab024\" data-element_type=\"container\" data-e-type=\"container\" data-settings=\"{&quot;animation&quot;:&quot;fadeInUp&quot;}\">\n\t\t\t\t<div class=\"elementor-element elementor-element-fa8f453 elementor-widget elementor-widget-qi_addons_for_elementor_section_title\" data-id=\"fa8f453\" data-element_type=\"widget\" data-e-type=\"widget\" data-widget_type=\"qi_addons_for_elementor_section_title.default\">\n\t\t\t\t<div class=\"elementor-widget-container\">\n\t\t\t\t\t<div class=\"qodef-shortcode qodef-m qodef-qi-section-title qodef-decoration--italic qodef-link--underline-draw qodef-subtitle-icon--left\">\n\t\t\t\t\t\t<h2 class=\"qodef-m-title\">\n\t\tWhat we will Cover\t<\/h2>\n\t\t\t<div class=\"qodef-m-text\"><p>\u00a0<\/p><p>Dieser Workshop f\u00fchrt dich in die essenziellen <span class=\"error-spellcheck\">Glasurauftragsmethoden<\/span> der Keramik-Veredelung ein, darunter Pinsel-, Gie\u00df- und Tauchtechniken. Au\u00dferdem lernst du, wie du Glasuren in mehreren Schichten auftr\u00e4gst, um unterschiedliche Oberfl\u00e4cheneffekte und visuelle Tiefe zu erzielen.<\/p><ul><li><p><span class=\"sc-jXbUNg hlefgy AT-ate-chip--compact ate-chip--marker ate-chip--strong ate-chip ate-chip--compact marker-hovering\"><span class=\"sc-imWYAI hXteRa\"><strong>Glazur-Grundlagen<\/strong>:<\/span><\/span> Du wirst das Verhalten von Glasuren verstehen und lernen, wie unterschiedliche Auftragsmethoden das Endergebnis beeinflussen.<\/p><\/li><li><p><span class=\"sc-jXbUNg hlefgy AT-ate-chip--compact ate-chip--marker ate-chip--strong  ate-chip ate-chip--compact ate-chip--marker ate-chip--strong\"><span class=\"sc-imWYAI hXteRa\"><strong>Applikationstechniken<\/strong>:<\/span><\/span> Pinsel-, Gie\u00df-, <span class=\"error-spellcheck\">Tauch<\/span>- und Schichttechniken.<\/p><\/li><\/ul><\/div>\n\t<\/div>\n\t\t\t\t<\/div>\n\t\t\t\t<\/div>\n\t\t\t\t<div class=\"elementor-element elementor-element-2bbde9a elementor-widget elementor-widget-qi_addons_for_elementor_section_title\" data-id=\"2bbde9a\" data-element_type=\"widget\" data-e-type=\"widget\" data-widget_type=\"qi_addons_for_elementor_section_title.default\">\n\t\t\t\t<div class=\"elementor-widget-container\">\n\t\t\t\t\t<div class=\"qodef-shortcode qodef-m qodef-qi-section-title qodef-decoration--italic qodef-link--underline-draw qodef-subtitle-icon--left\">\n\t\t\t\t\t\t<h2 class=\"qodef-m-title\">\n\t\tGut zu wissen\t<\/h2>\n\t\t\t<div class=\"qodef-m-text\"><p>\u00a0<\/p><p>Du wirst mit unserer transparenten <span class=\"error-spellcheck\">Steinzeugglasur<\/span> arbeiten, die lebensmittelecht ist und mit Steinzeug-Tonmassen kompatibel ist.<\/p><p>Weitere fertige Glasuren sind ebenfalls im Studio zum Kauf erh\u00e4ltlich.<\/p><p>Du musst eine Bisque-Ware aus einem fr\u00fcheren Workshop oder einer offenen Studiosession mitbringen. <span class=\"error-spellcheck\">Greenware<\/span> oder ungebrannte St\u00fccke k\u00f6nnen w\u00e4hrend dieses Workshops nicht glasiert werden.<\/p><p><strong>Der Brennvorgang ist nicht im Preis enthalten. Daf\u00fcr betragen die Kosten f\u00fcr im Studio gefertigte Keramik 6,50\u20ac pro Kilo.<\/strong><\/p><p>Deine fertigen St\u00fccke sind zwei Wochen nach dem Brennvorgang zur Abholung bereit.<\/p><\/div>\n\t<\/div>\n\t\t\t\t<\/div>\n\t\t\t\t<\/div>\n\t\t\t\t<\/div>\n\t\t<div class=\"elementor-element elementor-element-103815e e-flex e-con-boxed e-con e-parent\" data-id=\"103815e\" data-element_type=\"container\" data-e-type=\"container\">\n\t\t\t\t\t<div class=\"e-con-inner\">\n\t\t\t\t<div class=\"elementor-element elementor-element-b322b8f elementor-widget elementor-widget-spacer\" data-id=\"b322b8f\" data-element_type=\"widget\" data-e-type=\"widget\" data-widget_type=\"spacer.default\">\n\t\t\t\t<div class=\"elementor-widget-container\">\n\t\t\t\t\t\t\t<div class=\"elementor-spacer\">\n\t\t\t<div class=\"elementor-spacer-inner\"><\/div>\n\t\t<\/div>\n\t\t\t\t\t\t<\/div>\n\t\t\t\t<\/div>\n\t\t\t\t\t<\/div>\n\t\t\t\t<\/div>\n\t\t<div class=\"elementor-element elementor-element-4977cfa e-grid e-con-full animated-slow elementor-invisible e-con e-child\" data-id=\"4977cfa\" data-element_type=\"container\" data-e-type=\"container\" data-settings=\"{&quot;animation&quot;:&quot;fadeInUp&quot;}\">\n\t\t\t\t<div class=\"elementor-element elementor-element-6ce2150 elementor-widget elementor-widget-image\" data-id=\"6ce2150\" data-element_type=\"widget\" data-e-type=\"widget\" data-widget_type=\"image.default\">\n\t\t\t\t<div class=\"elementor-widget-container\">\n\t\t\t\t\t\t\t\t\t\t\t\t\t\t\t<img decoding=\"async\" width=\"1300\" height=\"1300\" src=\"https:\/\/zolta.me\/wp-content\/uploads\/2025\/05\/AdobeStock_498362110-1300x1300.jpeg?crop=1\" class=\"attachment-qi_blocks_image_size_huge_square size-qi_blocks_image_size_huge_square wp-image-14551\" alt=\"Close-up of girl painting clay mug with glaze. Woman coloring pottery in workshop with a paintbrush. Painter in green apron glazing clay pot.\" srcset=\"https:\/\/zolta.me\/wp-content\/uploads\/2025\/05\/AdobeStock_498362110-1300x1300.jpeg?crop=1 1300w, https:\/\/zolta.me\/wp-content\/uploads\/2025\/05\/AdobeStock_498362110-150x150.jpeg?crop=1 150w, https:\/\/zolta.me\/wp-content\/uploads\/2025\/05\/AdobeStock_498362110-650x650.jpeg?crop=1 650w, https:\/\/zolta.me\/wp-content\/uploads\/2025\/05\/AdobeStock_498362110-300x300.jpeg?crop=1 300w, https:\/\/zolta.me\/wp-content\/uploads\/2025\/05\/AdobeStock_498362110-100x100.jpeg?crop=1 100w\" sizes=\"(max-width: 1300px) 100vw, 1300px\" \/>\t\t\t\t\t\t\t\t\t\t\t\t\t\t\t<\/div>\n\t\t\t\t<\/div>\n\t\t\t\t<div class=\"elementor-element elementor-element-71145c1 elementor-widget elementor-widget-image\" data-id=\"71145c1\" data-element_type=\"widget\" data-e-type=\"widget\" data-widget_type=\"image.default\">\n\t\t\t\t<div class=\"elementor-widget-container\">\n\t\t\t\t\t\t\t\t\t\t\t\t\t\t\t<img decoding=\"async\" width=\"1300\" height=\"1300\" src=\"https:\/\/zolta.me\/wp-content\/uploads\/2025\/05\/AdobeStock_519528163-1300x1300.jpeg?crop=1\" class=\"attachment-qi_blocks_image_size_huge_square size-qi_blocks_image_size_huge_square wp-image-14552\" alt=\"Close-up of girl painting clay mug with glaze. Woman coloring pottery in workshop with a paintbrush. Painter in green apron glazing clay pot.\" srcset=\"https:\/\/zolta.me\/wp-content\/uploads\/2025\/05\/AdobeStock_519528163-1300x1300.jpeg?crop=1 1300w, https:\/\/zolta.me\/wp-content\/uploads\/2025\/05\/AdobeStock_519528163-150x150.jpeg?crop=1 150w, https:\/\/zolta.me\/wp-content\/uploads\/2025\/05\/AdobeStock_519528163-650x650.jpeg?crop=1 650w, https:\/\/zolta.me\/wp-content\/uploads\/2025\/05\/AdobeStock_519528163-300x300.jpeg?crop=1 300w, https:\/\/zolta.me\/wp-content\/uploads\/2025\/05\/AdobeStock_519528163-100x100.jpeg?crop=1 100w\" sizes=\"(max-width: 1300px) 100vw, 1300px\" \/>\t\t\t\t\t\t\t\t\t\t\t\t\t\t\t<\/div>\n\t\t\t\t<\/div>\n\t\t\t\t<div class=\"elementor-element elementor-element-bd3c34f elementor-widget elementor-widget-image\" data-id=\"bd3c34f\" data-element_type=\"widget\" data-e-type=\"widget\" data-widget_type=\"image.default\">\n\t\t\t\t<div class=\"elementor-widget-container\">\n\t\t\t\t\t\t\t\t\t\t\t\t\t\t\t<img loading=\"lazy\" decoding=\"async\" width=\"1300\" height=\"1300\" src=\"https:\/\/zolta.me\/wp-content\/uploads\/2025\/05\/female-craftswoman-painting-ceramic-dish-with-paint-workshop-1300x1300.jpg?crop=1\" class=\"attachment-qi_blocks_image_size_huge_square size-qi_blocks_image_size_huge_square wp-image-14553\" alt=\"female-craftswoman-painting-ceramic-dish-with-paint-workshop keramik glasur workshop\" srcset=\"https:\/\/zolta.me\/wp-content\/uploads\/2025\/05\/female-craftswoman-painting-ceramic-dish-with-paint-workshop-1300x1300.jpg?crop=1 1300w, https:\/\/zolta.me\/wp-content\/uploads\/2025\/05\/female-craftswoman-painting-ceramic-dish-with-paint-workshop-150x150.jpg?crop=1 150w, https:\/\/zolta.me\/wp-content\/uploads\/2025\/05\/female-craftswoman-painting-ceramic-dish-with-paint-workshop-650x650.jpg?crop=1 650w, https:\/\/zolta.me\/wp-content\/uploads\/2025\/05\/female-craftswoman-painting-ceramic-dish-with-paint-workshop-300x300.jpg?crop=1 300w, https:\/\/zolta.me\/wp-content\/uploads\/2025\/05\/female-craftswoman-painting-ceramic-dish-with-paint-workshop-100x100.jpg?crop=1 100w\" sizes=\"(max-width: 1300px) 100vw, 1300px\" \/>\t\t\t\t\t\t\t\t\t\t\t\t\t\t\t<\/div>\n\t\t\t\t<\/div>\n\t\t\t\t<\/div>\n\t\t<div class=\"elementor-element elementor-element-24491fd e-flex e-con-boxed e-con e-parent\" data-id=\"24491fd\" data-element_type=\"container\" data-e-type=\"container\">\n\t\t\t\t\t<div class=\"e-con-inner\">\n\t\t\t\t<div class=\"elementor-element elementor-element-d3d30e7 elementor-widget elementor-widget-spacer\" data-id=\"d3d30e7\" data-element_type=\"widget\" data-e-type=\"widget\" data-widget_type=\"spacer.default\">\n\t\t\t\t<div class=\"elementor-widget-container\">\n\t\t\t\t\t\t\t<div class=\"elementor-spacer\">\n\t\t\t<div class=\"elementor-spacer-inner\"><\/div>\n\t\t<\/div>\n\t\t\t\t\t\t<\/div>\n\t\t\t\t<\/div>\n\t\t\t\t\t<\/div>\n\t\t\t\t<\/div>\n\t\t<div class=\"elementor-element elementor-element-ce31d2d e-con-full e-flex elementor-invisible e-con e-parent\" data-id=\"ce31d2d\" data-element_type=\"container\" data-e-type=\"container\" data-settings=\"{&quot;background_background&quot;:&quot;classic&quot;,&quot;animation&quot;:&quot;fadeInUp&quot;}\">\n\t\t\t\t<div class=\"elementor-element elementor-element-f220ef8 elementor-widget__width-initial elementor-widget elementor-widget-text-editor\" data-id=\"f220ef8\" data-element_type=\"widget\" data-e-type=\"widget\" data-widget_type=\"text-editor.default\">\n\t\t\t\t<div class=\"elementor-widget-container\">\n\t\t\t\t\t\t\t\t\t<p style=\"padding-left: 40px; text-align: center;\"><strong>Sicherheitshinweis<\/strong><\/p><p style=\"padding-left: 40px; text-align: center;\"><strong>Mit der Nutzung der R\u00e4umlichkeiten von Zolta Studio erkl\u00e4ren Sie sich damit einverstanden, die volle Verantwortung f\u00fcr Ihre eigene Sicherheit zu \u00fcbernehmen.<br \/>Das Studio beinhaltet scharfe Werkzeuge (Messer, Nadeln, Dr\u00e4hte), Hei\u00dfluftpistolen und andere Ger\u00e4te, die bei unsachgem\u00e4\u00dfer Verwendung zu Verletzungen f\u00fchren k\u00f6nnen. <\/strong> <strong>Zolta Studio haftet nicht f\u00fcr Verletzungen, die durch unsichere oder fehlerhafte Werkzeugnutzung entstehen<\/strong><\/p><p style=\"padding-left: 40px; text-align: center;\"><strong>Die folgenden Ger\u00e4te d\u00fcrfen nur nach Zustimmung des Personals genutzt werden:<\/strong><br \/>* <strong>Brennofen<\/strong> &#8211; <strong>* Tonschneider<\/strong> &#8211; <strong>* Weitere industrielle oder gesperrte Werkzeuge.<\/strong><\/p><p style=\"text-align: center; padding-left: 40px;\"><strong>Nutzen Sie alle Ger\u00e4te mit Sorgfalt. Wenn Sie sich unsicher sind, fragen Sie bitte nach <\/strong><\/p>\t\t\t\t\t\t\t\t<\/div>\n\t\t\t\t<\/div>\n\t\t\t\t<\/div>\n\t\t\t\t<\/div>\n\t\t","protected":false},"excerpt":{"rendered":"<p>Ceramic Glazing Workshop The finishing touch. Master the art of color and surface. Workshop Details &nbsp; 2 Hours &nbsp; 1 Session &nbsp; Beginners &nbsp; English (German Soon) &nbsp; Firing extra What we will Cover This workshop introduces essential glaze application methods used in ceramic finishing, including brushing, pouring, and dipping techniques. You\u2019ll also learn how [&hellip;]<\/p>\n","protected":false},"author":251458859,"featured_media":0,"parent":0,"menu_order":0,"comment_status":"closed","ping_status":"closed","template":"page-full-width.php","meta":{"_acf_changed":false,"footnotes":""},"categories":[],"tags":[],"class_list":["post-14538","page","type-page","status-publish","hentry"],"acf":[],"_links":{"self":[{"href":"https:\/\/zolta.me\/at\/wp-json\/wp\/v2\/pages\/14538","targetHints":{"allow":["GET"]}}],"collection":[{"href":"https:\/\/zolta.me\/at\/wp-json\/wp\/v2\/pages"}],"about":[{"href":"https:\/\/zolta.me\/at\/wp-json\/wp\/v2\/types\/page"}],"author":[{"embeddable":true,"href":"https:\/\/zolta.me\/at\/wp-json\/wp\/v2\/users\/251458859"}],"replies":[{"embeddable":true,"href":"https:\/\/zolta.me\/at\/wp-json\/wp\/v2\/comments?post=14538"}],"version-history":[{"count":6,"href":"https:\/\/zolta.me\/at\/wp-json\/wp\/v2\/pages\/14538\/revisions"}],"predecessor-version":[{"id":15386,"href":"https:\/\/zolta.me\/at\/wp-json\/wp\/v2\/pages\/14538\/revisions\/15386"}],"wp:attachment":[{"href":"https:\/\/zolta.me\/at\/wp-json\/wp\/v2\/media?parent=14538"}],"wp:term":[{"taxonomy":"category","embeddable":true,"href":"https:\/\/zolta.me\/at\/wp-json\/wp\/v2\/categories?post=14538"},{"taxonomy":"post_tag","embeddable":true,"href":"https:\/\/zolta.me\/at\/wp-json\/wp\/v2\/tags?post=14538"}],"curies":[{"name":"wp","href":"https:\/\/api.w.org\/{rel}","templated":true}]}}