{"id":15369,"date":"2026-01-15T17:33:38","date_gmt":"2026-01-15T16:33:38","guid":{"rendered":"https:\/\/zolta.me\/?page_id=15369"},"modified":"2026-01-15T17:33:38","modified_gmt":"2026-01-15T16:33:38","slug":"kontakt","status":"publish","type":"page","link":"https:\/\/zolta.me\/at\/kontakt\/","title":{"rendered":"kontakt"},"content":{"rendered":"\t\t<div data-elementor-type=\"wp-page\" data-elementor-id=\"15369\" class=\"elementor elementor-15369 elementor-15363\">\n\t\t\t\t<div class=\"elementor-element elementor-element-e692940 e-con-full e-flex e-con e-parent\" data-id=\"e692940\" data-element_type=\"container\" data-e-type=\"container\" data-settings=\"{&quot;background_background&quot;:&quot;classic&quot;}\">\n\t\t\t\t<div class=\"elementor-element elementor-element-39e4270 elementor-widget elementor-widget-image\" data-id=\"39e4270\" data-element_type=\"widget\" data-e-type=\"widget\" data-widget_type=\"image.default\">\n\t\t\t\t<div class=\"elementor-widget-container\">\n\t\t\t\t\t\t\t\t\t\t\t\t\t\t\t<img fetchpriority=\"high\" decoding=\"async\" width=\"5736\" height=\"3816\" src=\"https:\/\/zolta.me\/wp-content\/uploads\/2025\/06\/IMG_1971.jpg\" class=\"attachment-full size-full wp-image-15339\" alt=\"\" srcset=\"https:\/\/zolta.me\/wp-content\/uploads\/2025\/06\/IMG_1971.jpg 5736w, https:\/\/zolta.me\/wp-content\/uploads\/2025\/06\/IMG_1971-300x200.jpg 300w, https:\/\/zolta.me\/wp-content\/uploads\/2025\/06\/IMG_1971-1024x681.jpg 1024w, https:\/\/zolta.me\/wp-content\/uploads\/2025\/06\/IMG_1971-768x511.jpg 768w, https:\/\/zolta.me\/wp-content\/uploads\/2025\/06\/IMG_1971-1536x1022.jpg 1536w, https:\/\/zolta.me\/wp-content\/uploads\/2025\/06\/IMG_1971-2048x1362.jpg 2048w, https:\/\/zolta.me\/wp-content\/uploads\/2025\/06\/IMG_1971-600x399.jpg 600w\" sizes=\"(max-width: 5736px) 100vw, 5736px\" \/>\t\t\t\t\t\t\t\t\t\t\t\t\t\t\t<\/div>\n\t\t\t\t<\/div>\n\t\t\t\t<\/div>\n\t\t<div class=\"elementor-element elementor-element-a951eb0 e-con-full e-flex e-con e-parent\" data-id=\"a951eb0\" data-element_type=\"container\" data-e-type=\"container\">\n\t\t<div class=\"elementor-element elementor-element-87709e4 e-con-full qodef-custom-link-holder e-flex e-con e-child\" data-id=\"87709e4\" data-element_type=\"container\" data-e-type=\"container\">\n\t\t\t\t<div class=\"elementor-element elementor-element-2f7c8e2 elementor-widget__width-initial elementor-widget elementor-widget-stonemade_core_info_section\" data-id=\"2f7c8e2\" data-element_type=\"widget\" data-e-type=\"widget\" data-widget_type=\"stonemade_core_info_section.default\">\n\t\t\t\t<div class=\"elementor-widget-container\">\n\t\t\t\t\t<div class=\"qodef-shortcode qodef-m  qodef-info-section qodef-layout--background-text qodef-alignment--left  qodef-background-text-pos--top-left\">\n\t<div class=\"qodef-m-background-text\">\n\t\t\t<\/div>\n\t<div class=\"qodef-m-info\">\n\t\t\t\t\t<h2 class=\"qodef-m-title\" style=\"margin-bottom: 15px\">\n\t\tHallo! Bist du die Person, auf die wir gewartet haben?\t\t\t<\/h2>\n\t\t\t<p class=\"qodef-m-text\" >\nWir w\u00fcrden uns freuen, von dir zu h\u00f6ren! Schreib uns eine Nachricht, wir melden uns bei dir, sobald wir uns den Ton von den H\u00e4nden gewaschen haben \ud83d\ude09<\/p>\n\t\t\t<\/div>\n<\/div>\n\t\t\t\t<\/div>\n\t\t\t\t<\/div>\n\t\t\t\t<div class=\"elementor-element elementor-element-fb4b357 elementor-widget elementor-widget-stonemade_core_info_section\" data-id=\"fb4b357\" data-element_type=\"widget\" data-e-type=\"widget\" data-widget_type=\"stonemade_core_info_section.default\">\n\t\t\t\t<div class=\"elementor-widget-container\">\n\t\t\t\t\t<div class=\"qodef-shortcode qodef-m  qodef-info-section qodef-layout--background-text qodef-alignment--left  qodef-background-text-pos--top-left\">\n\t<div class=\"qodef-m-background-text\">\n\t\t\t<\/div>\n\t<div class=\"qodef-m-info\">\n\t\t\t\t\t<h1 class=\"qodef-m-title\" style=\"margin-bottom: 0px\">\n\t\tZolta Ceramics Studio:\t\t\t<\/h1>\n\t\t\t\t\t<\/div>\n<\/div>\n\t\t\t\t<\/div>\n\t\t\t\t<\/div>\n\t\t\t\t<div class=\"elementor-element elementor-element-bf6c4e0 elementor-widget elementor-widget-text-editor\" data-id=\"bf6c4e0\" data-element_type=\"widget\" data-e-type=\"widget\" data-widget_type=\"text-editor.default\">\n\t\t\t\t<div class=\"elementor-widget-container\">\n\t\t\t\t\t\t\t\t\t<p><a href=\"https:\/\/www.google.com\/maps\/place\/Henneberggasse+1,+1030+Wien\/@48.1895619,16.4014195,17z\/data=!4m6!3m5!1s0x476d0714b8c7930b:0x4d6fa59a59035a07!8m2!3d48.1895584!4d16.4039944!16s%2Fg%2F11khdzz3z4?entry=ttu&amp;g_ep=EgoyMDI1MDMxOS4yIKXMDSoASAFQAw%3D%3D\" target=\"_blank\" rel=\"noopener\">Viehmarktgasse 3<\/a> (Studioeingang)<\/p><p><a href=\"https:\/\/www.google.com\/maps\/place\/Henneberggasse+1,+1030+Wien\/@48.1895619,16.4014195,17z\/data=!4m6!3m5!1s0x476d0714b8c7930b:0x4d6fa59a59035a07!8m2!3d48.1895584!4d16.4039944!16s%2Fg%2F11khdzz3z4?entry=ttu&amp;g_ep=EgoyMDI1MDMxOS4yIKXMDSoASAFQAw%3D%3D\" target=\"_blank\" rel=\"noopener\">Henneberggasse 1\/1, 1030 Wien Austria.<br \/><\/a><\/p><p><a href=\"https:\/\/www.google.com\/maps\/place\/Henneberggasse+1,+1030+Wien\/@48.1895619,16.4014195,17z\/data=!4m6!3m5!1s0x476d0714b8c7930b:0x4d6fa59a59035a07!8m2!3d48.1895584!4d16.4039944!16s%2Fg%2F11khdzz3z4?entry=ttu&amp;g_ep=EgoyMDI1MDMxOS4yIKXMDSoASAFQAw%3D%3D\" target=\"_blank\" rel=\"noopener\">+<\/a>431 9607942<\/p>\t\t\t\t\t\t\t\t<\/div>\n\t\t\t\t<\/div>\n\t\t\t\t<div class=\"elementor-element elementor-element-8c57fb9 elementor-widget elementor-widget-text-editor\" data-id=\"8c57fb9\" data-element_type=\"widget\" data-e-type=\"widget\" data-widget_type=\"text-editor.default\">\n\t\t\t\t<div class=\"elementor-widget-container\">\n\t\t\t\t\t\t\t\t\t<p>Du erreichst uns per E-Mail unter:<\/p>\t\t\t\t\t\t\t\t<\/div>\n\t\t\t\t<\/div>\n\t\t\t\t<div class=\"elementor-element elementor-element-ffeb4bf elementor-widget elementor-widget-text-editor\" data-id=\"ffeb4bf\" data-element_type=\"widget\" data-e-type=\"widget\" data-widget_type=\"text-editor.default\">\n\t\t\t\t<div class=\"elementor-widget-container\">\n\t\t\t\t\t\t\t\t\t<p><a href=\"mailto:hello@zolta.me\"><b>hello@zolta<\/b>.<b>me<\/b><\/a><\/p>\t\t\t\t\t\t\t\t<\/div>\n\t\t\t\t<\/div>\n\t\t\t\t<\/div>\n\t\t<div class=\"elementor-element elementor-element-3b76209 e-con-full e-flex e-con e-child\" data-id=\"3b76209\" data-element_type=\"container\" data-e-type=\"container\">\n\t\t\t\t<div class=\"elementor-element elementor-element-34eff6f elementor-widget elementor-widget-wp-widget-stonemade_core_contact_form_7\" data-id=\"34eff6f\" data-element_type=\"widget\" data-e-type=\"widget\" data-widget_type=\"wp-widget-stonemade_core_contact_form_7.default\">\n\t\t\t\t<div class=\"elementor-widget-container\">\n\t\t\t\t\t\t\t\t<div class=\"qodef-contact-form-7\">\n\t\t\t\t\n<div class=\"wpcf7 no-js\" id=\"wpcf7-f14189-o1\" lang=\"de-AT\" dir=\"ltr\" data-wpcf7-id=\"14189\">\n<div class=\"screen-reader-response\"><p role=\"status\" aria-live=\"polite\" aria-atomic=\"true\"><\/p> <ul><\/ul><\/div>\n<form action=\"\/at\/wp-json\/wp\/v2\/pages\/15369#wpcf7-f14189-o1\" method=\"post\" class=\"wpcf7-form init\" aria-label=\"Contact form\" novalidate=\"novalidate\" data-status=\"init\">\n<fieldset class=\"hidden-fields-container\"><input type=\"hidden\" name=\"_wpcf7\" value=\"14189\" \/><input type=\"hidden\" name=\"_wpcf7_version\" value=\"6.1.5\" \/><input type=\"hidden\" name=\"_wpcf7_locale\" value=\"de_AT\" \/><input type=\"hidden\" name=\"_wpcf7_unit_tag\" value=\"wpcf7-f14189-o1\" \/><input type=\"hidden\" name=\"_wpcf7_container_post\" value=\"0\" \/><input type=\"hidden\" name=\"_wpcf7_posted_data_hash\" value=\"\" \/><input type=\"hidden\" name=\"_wpcf7_recaptcha_response\" value=\"\" \/>\n<\/fieldset>\n<div class=\"wpcf7-turnstile cf-turnstile\" data-sitekey=\"0x4AAAAAADBSrZLXVqtCDeBf\" data-response-field-name=\"_wpcf7_turnstile_response\"><\/div>\n\n<div class=\"qodef-contact-form\">\n\n    <h4 class=\"qodef-contact-title\">Senden Sie uns Ihre Nachricht<\/h4>\n\n    \n\n    <div class=\"qodef-form-inner\">\n\n        <div class=\"qodef-grid qodef-layout--columns qodef-col-num--2\">\n\n            <div class=\"qodef-grid-inner\">\n\n                <div class=\"qodef-grid-item\">\n\n                    <span class=\"wpcf7-form-control-wrap\" data-name=\"your-name\"><input size=\"40\" maxlength=\"400\" class=\"wpcf7-form-control wpcf7-text wpcf7-validates-as-required\" aria-required=\"true\" aria-invalid=\"false\" placeholder=\"Name*\" value=\"\" type=\"text\" name=\"your-name\" \/><\/span>\n\n                <\/div>\n\n                <div class=\"qodef-grid-item\">\n\n                    <span class=\"wpcf7-form-control-wrap\" data-name=\"your-email\"><input size=\"40\" maxlength=\"400\" class=\"wpcf7-form-control wpcf7-email wpcf7-validates-as-required wpcf7-text wpcf7-validates-as-email\" aria-required=\"true\" aria-invalid=\"false\" placeholder=\"Email*\" value=\"\" type=\"email\" name=\"your-email\" \/><\/span>\n\n\n                <\/div>\n\n            <\/div>\n\n            <div class=\"qodef-grid-inner\">\n\n     \n\n                <div class=\"qodef-grid-item\">\n\n                    <span class=\"wpcf7-form-control-wrap\" data-name=\"Subject\"><input size=\"40\" maxlength=\"400\" class=\"wpcf7-form-control wpcf7-text wpcf7-validates-as-required\" aria-required=\"true\" aria-invalid=\"false\" placeholder=\"Betreff*\" value=\"\" type=\"text\" name=\"Subject\" \/><\/span>\n\n                <\/div>\n              \n\n\n            <\/div>\n  <div class=\"qodef-grid-item\">\n                      <span class=\"wpcf7-form-control-wrap\" data-name=\"your-message\"><textarea cols=\"40\" rows=\"10\" maxlength=\"2000\" class=\"wpcf7-form-control wpcf7-textarea\" aria-invalid=\"false\" placeholder=\"Ihre Nachricht*\" name=\"your-message\"><\/textarea><\/span>\n                <\/div>\n\n        <\/div>\n\n        <button class=\"wpcf7-form-control wpcf7-submit qodef-button qodef-size--normal qodef-layout--filled qodef-m\" type=\"submit\"><span class=\"qodef-m-text\">Jetzt einreichen<\/span><\/button>\n\n    <\/div>\n\n<\/div><p style=\"display: none !important;\" class=\"akismet-fields-container\" data-prefix=\"_wpcf7_ak_\"><label>&#916;<textarea name=\"_wpcf7_ak_hp_textarea\" cols=\"45\" rows=\"8\" maxlength=\"100\"><\/textarea><\/label><input type=\"hidden\" id=\"ak_js_1\" name=\"_wpcf7_ak_js\" value=\"88\"\/><script type=\"text\/javascript\">\n\/* <![CDATA[ *\/\ndocument.getElementById( \"ak_js_1\" ).setAttribute( \"value\", ( new Date() ).getTime() );\n\/* ]]> *\/\n<\/script>\n<\/p><div class=\"wpcf7-response-output\" aria-hidden=\"true\"><\/div>\n<\/form>\n<\/div>\n\t\t\t<\/div>\n\t\t\t\t\t\t\t<\/div>\n\t\t\t\t<\/div>\n\t\t\t\t<\/div>\n\t\t\t\t<\/div>\n\t\t<div class=\"elementor-element elementor-element-9e3568d e-grid e-con-full e-con e-parent\" data-id=\"9e3568d\" data-element_type=\"container\" data-e-type=\"container\">\n\t\t\t\t<div class=\"elementor-element elementor-element-59bdec0 elementor-widget elementor-widget-google_maps\" data-id=\"59bdec0\" data-element_type=\"widget\" data-e-type=\"widget\" data-widget_type=\"google_maps.default\">\n\t\t\t\t<div class=\"elementor-widget-container\">\n\t\t\t\t\t\t\t<div class=\"elementor-custom-embed\">\n\t\t\t<iframe loading=\"lazy\"\n\t\t\t\t\tsrc=\"https:\/\/maps.google.com\/maps?q=Zolta%20ceramic%20studio%20Vienna%20&#038;t=m&#038;z=15&#038;output=embed&#038;iwloc=near\"\n\t\t\t\t\ttitle=\"Zolta ceramic studio Vienna \"\n\t\t\t\t\taria-label=\"Zolta ceramic studio Vienna \"\n\t\t\t><\/iframe>\n\t\t<\/div>\n\t\t\t\t\t\t<\/div>\n\t\t\t\t<\/div>\n\t\t\t\t<div class=\"elementor-element elementor-element-1468720 elementor-widget elementor-widget-image\" data-id=\"1468720\" data-element_type=\"widget\" data-e-type=\"widget\" data-widget_type=\"image.default\">\n\t\t\t\t<div class=\"elementor-widget-container\">\n\t\t\t\t\t\t\t\t\t\t\t\t\t\t\t<img decoding=\"async\" src=\"https:\/\/zolta.me\/wp-content\/uploads\/elementor\/thumbs\/IMG_1959-r98jnoiqd2668wh08ps09jl30m7wx17l8zx2c5ccn4.jpg\" title=\"The Summoning \u2013 Contemporary Ceramic Sculpture with Volcanic Glaze by Sirin AlMasri in Zolta Studio\" alt=\"Handcrafted ceramic art piece titled \u201cThe Summoning\u201d by Sirin AlMasri in Zolta Studio, featuring five sculptural loop handles and a textured volcanic glaze in deep green, blue, and charcoal tones. Modern interpretation of ritual pottery with oxidized copper surface effects.\" loading=\"lazy\" \/>\t\t\t\t\t\t\t\t\t\t\t\t\t\t\t<\/div>\n\t\t\t\t<\/div>\n\t\t\t\t<\/div>\n\t\t\t\t<\/div>\n\t\t","protected":false},"excerpt":{"rendered":"<p>Hello there! Are you the one we\u2019ve been waiting for? We\u2019d love to hear from you! Drop us a message, and as soon as we\u2019ve rinsed the clay off our hands \ud83d\ude09 Zolta Studio: Henneberggasse 1, &amp; Viehmarktgasse 3, 1030 Wien Austria. +431 9607942 Please send us an email to: hello@zolta.me<\/p>\n","protected":false},"author":251458859,"featured_media":0,"parent":0,"menu_order":0,"comment_status":"closed","ping_status":"closed","template":"page-full-width.php","meta":{"_acf_changed":false,"footnotes":""},"categories":[],"tags":[],"class_list":["post-15369","page","type-page","status-publish","hentry"],"acf":[],"_links":{"self":[{"href":"https:\/\/zolta.me\/at\/wp-json\/wp\/v2\/pages\/15369","targetHints":{"allow":["GET"]}}],"collection":[{"href":"https:\/\/zolta.me\/at\/wp-json\/wp\/v2\/pages"}],"about":[{"href":"https:\/\/zolta.me\/at\/wp-json\/wp\/v2\/types\/page"}],"author":[{"embeddable":true,"href":"https:\/\/zolta.me\/at\/wp-json\/wp\/v2\/users\/251458859"}],"replies":[{"embeddable":true,"href":"https:\/\/zolta.me\/at\/wp-json\/wp\/v2\/comments?post=15369"}],"version-history":[{"count":4,"href":"https:\/\/zolta.me\/at\/wp-json\/wp\/v2\/pages\/15369\/revisions"}],"predecessor-version":[{"id":15374,"href":"https:\/\/zolta.me\/at\/wp-json\/wp\/v2\/pages\/15369\/revisions\/15374"}],"wp:attachment":[{"href":"https:\/\/zolta.me\/at\/wp-json\/wp\/v2\/media?parent=15369"}],"wp:term":[{"taxonomy":"category","embeddable":true,"href":"https:\/\/zolta.me\/at\/wp-json\/wp\/v2\/categories?post=15369"},{"taxonomy":"post_tag","embeddable":true,"href":"https:\/\/zolta.me\/at\/wp-json\/wp\/v2\/tags?post=15369"}],"curies":[{"name":"wp","href":"https:\/\/api.w.org\/{rel}","templated":true}]}}